{"id":21,"date":"2023-08-02T12:41:30","date_gmt":"2023-08-02T10:41:30","guid":{"rendered":"https:\/\/www.sbcprefa.fr\/?page_id=21"},"modified":"2024-05-23T17:02:19","modified_gmt":"2024-05-23T15:02:19","slug":"soutenement","status":"publish","type":"page","link":"https:\/\/www.sbcprefa.fr\/index.php\/soutenement\/","title":{"rendered":"Sout\u00e8nement"},"content":{"rendered":"\n<h2 class=\"wp-block-heading has-text-align-center has-text-color has-link-color wp-elements-22beb2c0377365179643f441c54c949f\" style=\"color:#07488a\">Gammes sout\u00e8nement SBC PR\u00c9FA<\/h2>\n\n\n\n<figure class=\"wp-block-gallery has-nested-images columns-default is-cropped wp-block-gallery-1 is-layout-flex wp-block-gallery-is-layout-flex\">\n<figure class=\"wp-block-image size-large\"><a href=\"https:\/\/www.sbcprefa.fr\/index.php\/sbc-bloc\/\"><img loading=\"lazy\" decoding=\"async\" width=\"1024\" height=\"682\" data-id=\"1539\" src=\"https:\/\/www.sbcprefa.fr\/wp-content\/uploads\/2023\/08\/SBC-Bloc-zones-de-stockage-4-1024x682.jpg\" alt=\"SBC-Bloc-zones-de-stockage\" class=\"wp-image-1539\" srcset=\"https:\/\/www.sbcprefa.fr\/wp-content\/uploads\/2023\/08\/SBC-Bloc-zones-de-stockage-4-1024x682.jpg 1024w, https:\/\/www.sbcprefa.fr\/wp-content\/uploads\/2023\/08\/SBC-Bloc-zones-de-stockage-4-300x200.jpg 300w, https:\/\/www.sbcprefa.fr\/wp-content\/uploads\/2023\/08\/SBC-Bloc-zones-de-stockage-4-768x512.jpg 768w, https:\/\/www.sbcprefa.fr\/wp-content\/uploads\/2023\/08\/SBC-Bloc-zones-de-stockage-4.jpg 1280w\" sizes=\"auto, (max-width: 1024px) 100vw, 1024px\" \/><\/a><figcaption class=\"wp-element-caption\">Gamme SBC BLOC<\/figcaption><\/figure>\n\n\n\n<figure class=\"wp-block-image size-large\"><a href=\"https:\/\/www.sbcprefa.fr\/index.php\/modbloc\/\"><img loading=\"lazy\" decoding=\"async\" width=\"1024\" height=\"640\" data-id=\"1752\" src=\"https:\/\/www.sbcprefa.fr\/wp-content\/uploads\/2023\/09\/MODBLOC_soutenement_23-1024x640.jpg\" alt=\"\" class=\"wp-image-1752\" srcset=\"https:\/\/www.sbcprefa.fr\/wp-content\/uploads\/2023\/09\/MODBLOC_soutenement_23-1024x640.jpg 1024w, https:\/\/www.sbcprefa.fr\/wp-content\/uploads\/2023\/09\/MODBLOC_soutenement_23-300x188.jpg 300w, https:\/\/www.sbcprefa.fr\/wp-content\/uploads\/2023\/09\/MODBLOC_soutenement_23-768x480.jpg 768w, https:\/\/www.sbcprefa.fr\/wp-content\/uploads\/2023\/09\/MODBLOC_soutenement_23-480x300.jpg 480w, https:\/\/www.sbcprefa.fr\/wp-content\/uploads\/2023\/09\/MODBLOC_soutenement_23-640x400.jpg 640w, https:\/\/www.sbcprefa.fr\/wp-content\/uploads\/2023\/09\/MODBLOC_soutenement_23.jpg 1200w\" sizes=\"auto, (max-width: 1024px) 100vw, 1024px\" \/><\/a><figcaption class=\"wp-element-caption\">Gamme MODBLOC<\/figcaption><\/figure>\n<\/figure>\n","protected":false},"excerpt":{"rendered":"<p>Gammes sout\u00e8nement SBC PR\u00c9FA<\/p>\n","protected":false},"author":2,"featured_media":0,"parent":0,"menu_order":0,"comment_status":"closed","ping_status":"closed","template":"","meta":{"footnotes":""},"class_list":["post-21","page","type-page","status-publish","hentry"],"yoast_head":"<!-- This site is optimized with the Yoast SEO plugin v27.3 - https:\/\/yoast.com\/product\/yoast-seo-wordpress\/ -->\n<title>Sout\u00e8nement - SBC Pr\u00e9fa<\/title>\n<meta name=\"description\" content=\"Solutions modulaires SBC BLOC et MODBLOC pour des sout\u00e8nements sur mesure.\" \/>\n<meta name=\"robots\" content=\"index, follow, max-snippet:-1, max-image-preview:large, max-video-preview:-1\" \/>\n<link rel=\"canonical\" href=\"https:\/\/www.sbcprefa.fr\/index.php\/soutenement\/\" \/>\n<meta property=\"og:locale\" content=\"fr_FR\" \/>\n<meta property=\"og:type\" content=\"article\" \/>\n<meta property=\"og:title\" content=\"Sout\u00e8nement - SBC Pr\u00e9fa\" \/>\n<meta property=\"og:description\" content=\"Solutions modulaires SBC BLOC et MODBLOC pour des sout\u00e8nements sur mesure.\" \/>\n<meta property=\"og:url\" content=\"https:\/\/www.sbcprefa.fr\/index.php\/soutenement\/\" \/>\n<meta property=\"og:site_name\" content=\"SBC Pr\u00e9fa\" \/>\n<meta property=\"article:modified_time\" content=\"2024-05-23T15:02:19+00:00\" \/>\n<meta property=\"og:image\" content=\"https:\/\/www.sbcprefa.fr\/wp-content\/uploads\/2023\/08\/SBC-Bloc-zones-de-stockage-4-1024x682.jpg\" \/>\n<meta name=\"twitter:card\" content=\"summary_large_image\" \/>\n<meta name=\"twitter:label1\" content=\"Dur\u00e9e de lecture estim\u00e9e\" \/>\n\t<meta name=\"twitter:data1\" content=\"1 minute\" \/>\n<script type=\"application\/ld+json\" class=\"yoast-schema-graph\">{\"@context\":\"https:\\\/\\\/schema.org\",\"@graph\":[{\"@type\":\"WebPage\",\"@id\":\"https:\\\/\\\/www.sbcprefa.fr\\\/index.php\\\/soutenement\\\/\",\"url\":\"https:\\\/\\\/www.sbcprefa.fr\\\/index.php\\\/soutenement\\\/\",\"name\":\"Sout\u00e8nement - SBC Pr\u00e9fa\",\"isPartOf\":{\"@id\":\"https:\\\/\\\/www.sbcprefa.fr\\\/#website\"},\"primaryImageOfPage\":{\"@id\":\"https:\\\/\\\/www.sbcprefa.fr\\\/index.php\\\/soutenement\\\/#primaryimage\"},\"image\":{\"@id\":\"https:\\\/\\\/www.sbcprefa.fr\\\/index.php\\\/soutenement\\\/#primaryimage\"},\"thumbnailUrl\":\"https:\\\/\\\/www.sbcprefa.fr\\\/wp-content\\\/uploads\\\/2023\\\/08\\\/SBC-Bloc-zones-de-stockage-4-1024x682.jpg\",\"datePublished\":\"2023-08-02T10:41:30+00:00\",\"dateModified\":\"2024-05-23T15:02:19+00:00\",\"description\":\"Solutions modulaires SBC BLOC et MODBLOC pour des sout\u00e8nements sur mesure.\",\"breadcrumb\":{\"@id\":\"https:\\\/\\\/www.sbcprefa.fr\\\/index.php\\\/soutenement\\\/#breadcrumb\"},\"inLanguage\":\"fr-FR\",\"potentialAction\":[{\"@type\":\"ReadAction\",\"target\":[\"https:\\\/\\\/www.sbcprefa.fr\\\/index.php\\\/soutenement\\\/\"]}]},{\"@type\":\"ImageObject\",\"inLanguage\":\"fr-FR\",\"@id\":\"https:\\\/\\\/www.sbcprefa.fr\\\/index.php\\\/soutenement\\\/#primaryimage\",\"url\":\"https:\\\/\\\/www.sbcprefa.fr\\\/wp-content\\\/uploads\\\/2023\\\/08\\\/SBC-Bloc-zones-de-stockage-4.jpg\",\"contentUrl\":\"https:\\\/\\\/www.sbcprefa.fr\\\/wp-content\\\/uploads\\\/2023\\\/08\\\/SBC-Bloc-zones-de-stockage-4.jpg\",\"width\":1280,\"height\":853,\"caption\":\"SBC-Bloc-zones-de-stockage\"},{\"@type\":\"BreadcrumbList\",\"@id\":\"https:\\\/\\\/www.sbcprefa.fr\\\/index.php\\\/soutenement\\\/#breadcrumb\",\"itemListElement\":[{\"@type\":\"ListItem\",\"position\":1,\"name\":\"Accueil\",\"item\":\"https:\\\/\\\/www.sbcprefa.fr\\\/\"},{\"@type\":\"ListItem\",\"position\":2,\"name\":\"Sout\u00e8nement\"}]},{\"@type\":\"WebSite\",\"@id\":\"https:\\\/\\\/www.sbcprefa.fr\\\/#website\",\"url\":\"https:\\\/\\\/www.sbcprefa.fr\\\/\",\"name\":\"SBC Pr\u00e9fa\",\"description\":\"Solutions pr\u00e9fabriqu\u00e9es en b\u00e9ton en Auvergne, Rh\u00f4ne-Alpes\",\"publisher\":{\"@id\":\"https:\\\/\\\/www.sbcprefa.fr\\\/#organization\"},\"potentialAction\":[{\"@type\":\"SearchAction\",\"target\":{\"@type\":\"EntryPoint\",\"urlTemplate\":\"https:\\\/\\\/www.sbcprefa.fr\\\/?s={search_term_string}\"},\"query-input\":{\"@type\":\"PropertyValueSpecification\",\"valueRequired\":true,\"valueName\":\"search_term_string\"}}],\"inLanguage\":\"fr-FR\"},{\"@type\":\"Organization\",\"@id\":\"https:\\\/\\\/www.sbcprefa.fr\\\/#organization\",\"name\":\"SBC Pr\u00e9fa\",\"url\":\"https:\\\/\\\/www.sbcprefa.fr\\\/\",\"logo\":{\"@type\":\"ImageObject\",\"inLanguage\":\"fr-FR\",\"@id\":\"https:\\\/\\\/www.sbcprefa.fr\\\/#\\\/schema\\\/logo\\\/image\\\/\",\"url\":\"https:\\\/\\\/www.sbcprefa.fr\\\/wp-content\\\/uploads\\\/2023\\\/08\\\/cropped-Logo-SBC-Prefa_Header2-1.png\",\"contentUrl\":\"https:\\\/\\\/www.sbcprefa.fr\\\/wp-content\\\/uploads\\\/2023\\\/08\\\/cropped-Logo-SBC-Prefa_Header2-1.png\",\"width\":132,\"height\":50,\"caption\":\"SBC Pr\u00e9fa\"},\"image\":{\"@id\":\"https:\\\/\\\/www.sbcprefa.fr\\\/#\\\/schema\\\/logo\\\/image\\\/\"}}]}<\/script>\n<!-- \/ Yoast SEO plugin. -->","yoast_head_json":{"title":"Sout\u00e8nement - SBC Pr\u00e9fa","description":"Solutions modulaires SBC BLOC et MODBLOC pour des sout\u00e8nements sur mesure.","robots":{"index":"index","follow":"follow","max-snippet":"max-snippet:-1","max-image-preview":"max-image-preview:large","max-video-preview":"max-video-preview:-1"},"canonical":"https:\/\/www.sbcprefa.fr\/index.php\/soutenement\/","og_locale":"fr_FR","og_type":"article","og_title":"Sout\u00e8nement - SBC Pr\u00e9fa","og_description":"Solutions modulaires SBC BLOC et MODBLOC pour des sout\u00e8nements sur mesure.","og_url":"https:\/\/www.sbcprefa.fr\/index.php\/soutenement\/","og_site_name":"SBC Pr\u00e9fa","article_modified_time":"2024-05-23T15:02:19+00:00","og_image":[{"url":"https:\/\/www.sbcprefa.fr\/wp-content\/uploads\/2023\/08\/SBC-Bloc-zones-de-stockage-4-1024x682.jpg","type":"","width":"","height":""}],"twitter_card":"summary_large_image","twitter_misc":{"Dur\u00e9e de lecture estim\u00e9e":"1 minute"},"schema":{"@context":"https:\/\/schema.org","@graph":[{"@type":"WebPage","@id":"https:\/\/www.sbcprefa.fr\/index.php\/soutenement\/","url":"https:\/\/www.sbcprefa.fr\/index.php\/soutenement\/","name":"Sout\u00e8nement - SBC Pr\u00e9fa","isPartOf":{"@id":"https:\/\/www.sbcprefa.fr\/#website"},"primaryImageOfPage":{"@id":"https:\/\/www.sbcprefa.fr\/index.php\/soutenement\/#primaryimage"},"image":{"@id":"https:\/\/www.sbcprefa.fr\/index.php\/soutenement\/#primaryimage"},"thumbnailUrl":"https:\/\/www.sbcprefa.fr\/wp-content\/uploads\/2023\/08\/SBC-Bloc-zones-de-stockage-4-1024x682.jpg","datePublished":"2023-08-02T10:41:30+00:00","dateModified":"2024-05-23T15:02:19+00:00","description":"Solutions modulaires SBC BLOC et MODBLOC pour des sout\u00e8nements sur mesure.","breadcrumb":{"@id":"https:\/\/www.sbcprefa.fr\/index.php\/soutenement\/#breadcrumb"},"inLanguage":"fr-FR","potentialAction":[{"@type":"ReadAction","target":["https:\/\/www.sbcprefa.fr\/index.php\/soutenement\/"]}]},{"@type":"ImageObject","inLanguage":"fr-FR","@id":"https:\/\/www.sbcprefa.fr\/index.php\/soutenement\/#primaryimage","url":"https:\/\/www.sbcprefa.fr\/wp-content\/uploads\/2023\/08\/SBC-Bloc-zones-de-stockage-4.jpg","contentUrl":"https:\/\/www.sbcprefa.fr\/wp-content\/uploads\/2023\/08\/SBC-Bloc-zones-de-stockage-4.jpg","width":1280,"height":853,"caption":"SBC-Bloc-zones-de-stockage"},{"@type":"BreadcrumbList","@id":"https:\/\/www.sbcprefa.fr\/index.php\/soutenement\/#breadcrumb","itemListElement":[{"@type":"ListItem","position":1,"name":"Accueil","item":"https:\/\/www.sbcprefa.fr\/"},{"@type":"ListItem","position":2,"name":"Sout\u00e8nement"}]},{"@type":"WebSite","@id":"https:\/\/www.sbcprefa.fr\/#website","url":"https:\/\/www.sbcprefa.fr\/","name":"SBC Pr\u00e9fa","description":"Solutions pr\u00e9fabriqu\u00e9es en b\u00e9ton en Auvergne, Rh\u00f4ne-Alpes","publisher":{"@id":"https:\/\/www.sbcprefa.fr\/#organization"},"potentialAction":[{"@type":"SearchAction","target":{"@type":"EntryPoint","urlTemplate":"https:\/\/www.sbcprefa.fr\/?s={search_term_string}"},"query-input":{"@type":"PropertyValueSpecification","valueRequired":true,"valueName":"search_term_string"}}],"inLanguage":"fr-FR"},{"@type":"Organization","@id":"https:\/\/www.sbcprefa.fr\/#organization","name":"SBC Pr\u00e9fa","url":"https:\/\/www.sbcprefa.fr\/","logo":{"@type":"ImageObject","inLanguage":"fr-FR","@id":"https:\/\/www.sbcprefa.fr\/#\/schema\/logo\/image\/","url":"https:\/\/www.sbcprefa.fr\/wp-content\/uploads\/2023\/08\/cropped-Logo-SBC-Prefa_Header2-1.png","contentUrl":"https:\/\/www.sbcprefa.fr\/wp-content\/uploads\/2023\/08\/cropped-Logo-SBC-Prefa_Header2-1.png","width":132,"height":50,"caption":"SBC Pr\u00e9fa"},"image":{"@id":"https:\/\/www.sbcprefa.fr\/#\/schema\/logo\/image\/"}}]}},"_links":{"self":[{"href":"https:\/\/www.sbcprefa.fr\/index.php\/wp-json\/wp\/v2\/pages\/21","targetHints":{"allow":["GET"]}}],"collection":[{"href":"https:\/\/www.sbcprefa.fr\/index.php\/wp-json\/wp\/v2\/pages"}],"about":[{"href":"https:\/\/www.sbcprefa.fr\/index.php\/wp-json\/wp\/v2\/types\/page"}],"author":[{"embeddable":true,"href":"https:\/\/www.sbcprefa.fr\/index.php\/wp-json\/wp\/v2\/users\/2"}],"replies":[{"embeddable":true,"href":"https:\/\/www.sbcprefa.fr\/index.php\/wp-json\/wp\/v2\/comments?post=21"}],"version-history":[{"count":8,"href":"https:\/\/www.sbcprefa.fr\/index.php\/wp-json\/wp\/v2\/pages\/21\/revisions"}],"predecessor-version":[{"id":2347,"href":"https:\/\/www.sbcprefa.fr\/index.php\/wp-json\/wp\/v2\/pages\/21\/revisions\/2347"}],"wp:attachment":[{"href":"https:\/\/www.sbcprefa.fr\/index.php\/wp-json\/wp\/v2\/media?parent=21"}],"curies":[{"name":"wp","href":"https:\/\/api.w.org\/{rel}","templated":true}]}}