{"id":1661,"date":"2023-09-06T15:50:25","date_gmt":"2023-09-06T13:50:25","guid":{"rendered":"https:\/\/www.sbcprefa.fr\/?page_id=1661"},"modified":"2025-10-06T15:45:21","modified_gmt":"2025-10-06T13:45:21","slug":"separateurs-de-circulation","status":"publish","type":"page","link":"https:\/\/www.sbcprefa.fr\/index.php\/separateurs-de-circulation\/","title":{"rendered":"S\u00c9PARATEURS DE CIRCULATION"},"content":{"rendered":"\n<h2 class=\"wp-block-heading has-text-align-center\">S\u00c9PARATEURS DE CIRCULATION<\/h2>\n\n\n\n<div style=\"height:40px\" aria-hidden=\"true\" class=\"wp-block-spacer\"><\/div>\n\n\n\n<p class=\"has-text-align-center\"><strong>La gamme SBC de s\u00e9parateurs de voirie propose trois mod\u00e8les con\u00e7us pour la s\u00e9curit\u00e9 des voies de circulation en milieu urbain, ainsi que pour la d\u00e9limitation et la protection de zones de chantier. Chaque mod\u00e8le est sp\u00e9cifiquement adapt\u00e9 \u00e0 des besoins particuliers, avec des caract\u00e9ristiques qui garantissent une installation facile et une grande durabilit\u00e9.<\/strong><\/p>\n\n\n<div class=\"wp-block-image\">\n<figure class=\"aligncenter size-full is-resized\"><img loading=\"lazy\" decoding=\"async\" width=\"308\" height=\"172\" src=\"https:\/\/www.sbcprefa.fr\/wp-content\/uploads\/2025\/10\/CO2-_SBC.jpg\" alt=\"Empreinte carbone d\u00e9duite\" class=\"wp-image-2677\" style=\"width:176px;height:auto\" srcset=\"https:\/\/www.sbcprefa.fr\/wp-content\/uploads\/2025\/10\/CO2-_SBC.jpg 308w, https:\/\/www.sbcprefa.fr\/wp-content\/uploads\/2025\/10\/CO2-_SBC-300x168.jpg 300w\" sizes=\"auto, (max-width: 308px) 100vw, 308px\" \/><\/figure>\n<\/div>\n\n\n<h1 class=\"wp-block-heading has-text-align-center has-text-color has-link-color wp-elements-764c161062a663d31ed00cbfb2fefc96\" style=\"color:#009ee2\">Gamme SBC GU50<\/h1>\n\n\n\n<p class=\"has-text-align-center\"><strong>S\u00e9parateur pour s\u00e9curisation de voies de circulation, manipulation facile avec ancres de levage<\/strong><\/p>\n\n\n<div class=\"wp-block-image\">\n<figure class=\"aligncenter size-large\"><img loading=\"lazy\" decoding=\"async\" width=\"1024\" height=\"249\" src=\"https:\/\/www.sbcprefa.fr\/wp-content\/uploads\/2025\/02\/Separateur-de-circulation-beton_SBC-GU50-1024x249.jpg\" alt=\"\" class=\"wp-image-2568\" srcset=\"https:\/\/www.sbcprefa.fr\/wp-content\/uploads\/2025\/02\/Separateur-de-circulation-beton_SBC-GU50-1024x249.jpg 1024w, https:\/\/www.sbcprefa.fr\/wp-content\/uploads\/2025\/02\/Separateur-de-circulation-beton_SBC-GU50-300x73.jpg 300w, https:\/\/www.sbcprefa.fr\/wp-content\/uploads\/2025\/02\/Separateur-de-circulation-beton_SBC-GU50-768x187.jpg 768w, https:\/\/www.sbcprefa.fr\/wp-content\/uploads\/2025\/02\/Separateur-de-circulation-beton_SBC-GU50-1536x374.jpg 1536w, https:\/\/www.sbcprefa.fr\/wp-content\/uploads\/2025\/02\/Separateur-de-circulation-beton_SBC-GU50-2048x498.jpg 2048w\" sizes=\"auto, (max-width: 1024px) 100vw, 1024px\" \/><\/figure>\n<\/div>\n\n\n<figure class=\"wp-block-table\"><table class=\"has-fixed-layout\"><thead><tr><th class=\"has-text-align-center\" data-align=\"center\">\u00e9l\u00e9ment droit<\/th><th class=\"has-text-align-center\" data-align=\"center\">sifflets (D\/G)<\/th><\/tr><\/thead><tbody><tr><td class=\"has-text-align-center\" data-align=\"center\">Longueur : 1 m<br>Poids : 266 kg<\/td><td class=\"has-text-align-center\" data-align=\"center\">Longueur : 1 m<br>Poids : 240 kg<\/td><\/tr><\/tbody><\/table><\/figure>\n\n\n\n<div style=\"height:40px\" aria-hidden=\"true\" class=\"wp-block-spacer\"><\/div>\n\n\n\n<h1 class=\"wp-block-heading has-text-align-center has-text-color has-link-color wp-elements-5ab2e7f4e6a0c157ce96f3203687097e\" style=\"color:#009ee2\">Gamme SBC GU70<\/h1>\n\n\n\n<p class=\"has-text-align-center\"><strong>S\u00e9parateur pour s\u00e9curisation de voies de circulation, manipulation facile avec ancres de levage<\/strong><br>Possibilit\u00e9 de passage de fourche d&rsquo;\u00e9l\u00e9vateurs<\/p>\n\n\n\n<figure class=\"wp-block-image size-large\"><img loading=\"lazy\" decoding=\"async\" width=\"1024\" height=\"276\" src=\"https:\/\/www.sbcprefa.fr\/wp-content\/uploads\/2025\/02\/Separateur-de-circulation-beton_SBC-GU70-1024x276.jpg\" alt=\"\" class=\"wp-image-2570\" srcset=\"https:\/\/www.sbcprefa.fr\/wp-content\/uploads\/2025\/02\/Separateur-de-circulation-beton_SBC-GU70-1024x276.jpg 1024w, https:\/\/www.sbcprefa.fr\/wp-content\/uploads\/2025\/02\/Separateur-de-circulation-beton_SBC-GU70-300x81.jpg 300w, https:\/\/www.sbcprefa.fr\/wp-content\/uploads\/2025\/02\/Separateur-de-circulation-beton_SBC-GU70-768x207.jpg 768w, https:\/\/www.sbcprefa.fr\/wp-content\/uploads\/2025\/02\/Separateur-de-circulation-beton_SBC-GU70-1536x414.jpg 1536w, https:\/\/www.sbcprefa.fr\/wp-content\/uploads\/2025\/02\/Separateur-de-circulation-beton_SBC-GU70-2048x553.jpg 2048w\" sizes=\"auto, (max-width: 1024px) 100vw, 1024px\" \/><\/figure>\n\n\n\n<figure class=\"wp-block-table\"><table class=\"has-fixed-layout\"><thead><tr><th class=\"has-text-align-center\" data-align=\"center\">\u00e9l\u00e9ment droit<\/th><th class=\"has-text-align-center\" data-align=\"center\">sifflets (D\/G)<\/th><\/tr><\/thead><tbody><tr><td class=\"has-text-align-center\" data-align=\"center\">Longueur : 2,4 m<br>Poids : 1 100 kg<\/td><td class=\"has-text-align-center\" data-align=\"center\">Longueur : 2 m<br>Poids : 780 kg<\/td><\/tr><\/tbody><\/table><\/figure>\n\n\n\n<div style=\"height:40px\" aria-hidden=\"true\" class=\"wp-block-spacer\"><\/div>\n\n\n\n<h1 class=\"wp-block-heading has-text-align-center has-text-color has-link-color wp-elements-25bd77ff4fab2eb5f5baaa4dfdf4bc1d\" style=\"color:#009ee2\">Gamme SBC GU80<\/h1>\n\n\n\n<p class=\"has-text-align-center\"><strong>S\u00e9parateur pour s\u00e9curisation de voies de circulation, manipulation facile avec ancres de levage<\/strong><br>Possibilit\u00e9 de passage de fourche d&rsquo;\u00e9l\u00e9vateurs<\/p>\n\n\n\n<figure class=\"wp-block-image size-large\"><img loading=\"lazy\" decoding=\"async\" width=\"1024\" height=\"299\" src=\"https:\/\/www.sbcprefa.fr\/wp-content\/uploads\/2025\/02\/Separateur-de-circulation-beton_SBC-GU80-1024x299.jpg\" alt=\"\" class=\"wp-image-2574\" srcset=\"https:\/\/www.sbcprefa.fr\/wp-content\/uploads\/2025\/02\/Separateur-de-circulation-beton_SBC-GU80-1024x299.jpg 1024w, https:\/\/www.sbcprefa.fr\/wp-content\/uploads\/2025\/02\/Separateur-de-circulation-beton_SBC-GU80-300x88.jpg 300w, https:\/\/www.sbcprefa.fr\/wp-content\/uploads\/2025\/02\/Separateur-de-circulation-beton_SBC-GU80-768x224.jpg 768w, https:\/\/www.sbcprefa.fr\/wp-content\/uploads\/2025\/02\/Separateur-de-circulation-beton_SBC-GU80-1536x448.jpg 1536w, https:\/\/www.sbcprefa.fr\/wp-content\/uploads\/2025\/02\/Separateur-de-circulation-beton_SBC-GU80-2048x598.jpg 2048w\" sizes=\"auto, (max-width: 1024px) 100vw, 1024px\" \/><\/figure>\n\n\n\n<figure class=\"wp-block-table\"><table class=\"has-fixed-layout\"><thead><tr><th class=\"has-text-align-center\" data-align=\"center\">\u00e9l\u00e9ment droit<\/th><th class=\"has-text-align-center\" data-align=\"center\">sifflets (D\/G)<\/th><\/tr><\/thead><tbody><tr><td class=\"has-text-align-center\" data-align=\"center\">Longueur : 1 m &#8211; Poids : 450 kg<br>Longueur : 2 m &#8211; Poids : 900 kg<\/td><td class=\"has-text-align-center\" data-align=\"center\">Longueur : 2 m<br>Poids : 850 kg<\/td><\/tr><\/tbody><\/table><\/figure>\n\n\n<div class=\"wp-block-image\">\n<figure class=\"aligncenter size-large\"><img loading=\"lazy\" decoding=\"async\" width=\"1024\" height=\"606\" src=\"https:\/\/www.sbcprefa.fr\/wp-content\/uploads\/2023\/09\/Separateurs-1024x606.jpg\" alt=\"\" class=\"wp-image-2017\" srcset=\"https:\/\/www.sbcprefa.fr\/wp-content\/uploads\/2023\/09\/Separateurs-1024x606.jpg 1024w, https:\/\/www.sbcprefa.fr\/wp-content\/uploads\/2023\/09\/Separateurs-300x177.jpg 300w, https:\/\/www.sbcprefa.fr\/wp-content\/uploads\/2023\/09\/Separateurs-768x454.jpg 768w, https:\/\/www.sbcprefa.fr\/wp-content\/uploads\/2023\/09\/Separateurs.jpg 1332w\" sizes=\"auto, (max-width: 1024px) 100vw, 1024px\" \/><\/figure>\n<\/div>\n\n\n<div style=\"height:40px\" aria-hidden=\"true\" class=\"wp-block-spacer\"><\/div>\n\n\n\n<h2 class=\"wp-block-heading has-text-align-center\">Fiche produit(s) : Gammes SBC GU50, SBC GU70 et SBC GU80<\/h2>\n\n\n<div class=\"wp-block-image\">\n<figure class=\"aligncenter size-large is-resized\"><img loading=\"lazy\" decoding=\"async\" width=\"729\" height=\"1024\" src=\"https:\/\/www.sbcprefa.fr\/wp-content\/uploads\/2025\/02\/Thumb_Gamme-SBC-GU50-70-80-729x1024.jpg\" alt=\"\" class=\"wp-image-2576\" style=\"aspect-ratio:0.71484375;width:346px;height:auto\" srcset=\"https:\/\/www.sbcprefa.fr\/wp-content\/uploads\/2025\/02\/Thumb_Gamme-SBC-GU50-70-80-729x1024.jpg 729w, https:\/\/www.sbcprefa.fr\/wp-content\/uploads\/2025\/02\/Thumb_Gamme-SBC-GU50-70-80-214x300.jpg 214w, https:\/\/www.sbcprefa.fr\/wp-content\/uploads\/2025\/02\/Thumb_Gamme-SBC-GU50-70-80-768x1079.jpg 768w, https:\/\/www.sbcprefa.fr\/wp-content\/uploads\/2025\/02\/Thumb_Gamme-SBC-GU50-70-80-1094x1536.jpg 1094w, https:\/\/www.sbcprefa.fr\/wp-content\/uploads\/2025\/02\/Thumb_Gamme-SBC-GU50-70-80-1458x2048.jpg 1458w, https:\/\/www.sbcprefa.fr\/wp-content\/uploads\/2025\/02\/Thumb_Gamme-SBC-GU50-70-80.jpg 1562w\" sizes=\"auto, (max-width: 729px) 100vw, 729px\" \/><\/figure>\n<\/div>\n\n\n<div class=\"wp-block-file aligncenter\"><a id=\"wp-block-file--media-23969323-81fb-47f9-b9ee-563711e8b42b\" href=\"https:\/\/www.sbcprefa.fr\/wp-content\/uploads\/2025\/02\/Fiche-SBC-GU50-70-et-80-1.pdf\">Fiche SBC GU50 &#8211; 70 et 80<\/a><a href=\"https:\/\/www.sbcprefa.fr\/wp-content\/uploads\/2025\/02\/Fiche-SBC-GU50-70-et-80-1.pdf\" class=\"wp-block-file__button wp-element-button\" download aria-describedby=\"wp-block-file--media-23969323-81fb-47f9-b9ee-563711e8b42b\">T\u00e9l\u00e9charger<\/a><\/div>\n\n\n\n<div style=\"height:40px\" aria-hidden=\"true\" class=\"wp-block-spacer\"><\/div>\n\n\n\n<h1 class=\"wp-block-heading has-text-align-center has-text-color has-link-color wp-elements-e2b9d215b7c6dec3ddd9ad298ce366cf\" style=\"color:#009ee2\">Gamme SBC BIVOIES<\/h1>\n\n\n\n<p class=\"has-text-align-center\"><strong>S\u00e9parateurs pour s\u00e9curisation de voies cyclables<\/strong><br>Le s\u00e9parateur <strong>BIVOIES<\/strong>, permet de d\u00e9limiter physiquement diff\u00e9rentes voies de circulation afin d\u2019assurer la fluidit\u00e9 du trafic ainsi que la s\u00e9curit\u00e9 au niveau des zones pi\u00e9tonnes, pistes cyclables, entr\u00e9es \/ sorties de parkings ou but\u00e9es de parking.<\/p>\n\n\n<div class=\"wp-block-image\">\n<figure class=\"aligncenter size-large is-resized\"><img loading=\"lazy\" decoding=\"async\" width=\"707\" height=\"1024\" src=\"https:\/\/www.sbcprefa.fr\/wp-content\/uploads\/2024\/05\/Gamme-bordure-SBC-Bivoies-707x1024.png\" alt=\"\" class=\"wp-image-2321\" style=\"width:590px;height:auto\" srcset=\"https:\/\/www.sbcprefa.fr\/wp-content\/uploads\/2024\/05\/Gamme-bordure-SBC-Bivoies-707x1024.png 707w, https:\/\/www.sbcprefa.fr\/wp-content\/uploads\/2024\/05\/Gamme-bordure-SBC-Bivoies-207x300.png 207w, https:\/\/www.sbcprefa.fr\/wp-content\/uploads\/2024\/05\/Gamme-bordure-SBC-Bivoies-768x1113.png 768w, https:\/\/www.sbcprefa.fr\/wp-content\/uploads\/2024\/05\/Gamme-bordure-SBC-Bivoies-1060x1536.png 1060w, https:\/\/www.sbcprefa.fr\/wp-content\/uploads\/2024\/05\/Gamme-bordure-SBC-Bivoies.png 1150w\" sizes=\"auto, (max-width: 707px) 100vw, 707px\" \/><\/figure>\n<\/div>\n\n\n<figure class=\"wp-block-table\"><table class=\"has-fixed-layout\"><thead><tr><th class=\"has-text-align-center\" data-align=\"center\">hauteurs<\/th><th class=\"has-text-align-center\" data-align=\"center\">LARGeurs<\/th><th class=\"has-text-align-center\" data-align=\"center\">\u00e9l\u00e9ments droits<\/th><th class=\"has-text-align-center\" data-align=\"center\">ABOUTS (D\/G)<\/th><\/tr><\/thead><tbody><tr><td class=\"has-text-align-center\" data-align=\"center\">6 cm<\/td><td class=\"has-text-align-center\" data-align=\"center\">15 cm<\/td><td class=\"has-text-align-center\" data-align=\"center\">Longueur : 1 m<br>Poids : 19 kg<\/td><td class=\"has-text-align-center\" data-align=\"center\">Longueur : 0,5 m<br>Poids : 9 kg<\/td><\/tr><tr><td class=\"has-text-align-center\" data-align=\"center\">8 cm<\/td><td class=\"has-text-align-center\" data-align=\"center\">20 cm<\/td><td class=\"has-text-align-center\" data-align=\"center\">Longueur : 1 m<br>Poids : 30 kg<\/td><td class=\"has-text-align-center\" data-align=\"center\">Longueur : 0,5 m<br>Poids : 13 kg<\/td><\/tr><tr><td class=\"has-text-align-center\" data-align=\"center\">12 cm<\/td><td class=\"has-text-align-center\" data-align=\"center\">20 cm<\/td><td class=\"has-text-align-center\" data-align=\"center\">Longueur : 1 m<br>Poids : 48 kg<\/td><td class=\"has-text-align-center\" data-align=\"center\">Longueur : 0,5 m<br>Poids : 22 kg<\/td><\/tr><tr><td class=\"has-text-align-center\" data-align=\"center\">16 cm<\/td><td class=\"has-text-align-center\" data-align=\"center\">20 cm<\/td><td class=\"has-text-align-center\" data-align=\"center\">Longueur : 1 m<br>Poids : 66 kg<\/td><td class=\"has-text-align-center\" data-align=\"center\">Longueur : 0,5 m<br>Poids : 28 kg<\/td><\/tr><tr><td class=\"has-text-align-center\" data-align=\"center\">16 cm<br>Double arrondi<\/td><td class=\"has-text-align-center\" data-align=\"center\">20 cm<\/td><td class=\"has-text-align-center\" data-align=\"center\">Longueur : 1 m<br>Poids : 60 kg<\/td><td class=\"has-text-align-center\" data-align=\"center\">&#8211;<\/td><\/tr><\/tbody><\/table><figcaption class=\"wp-element-caption\">D\u00e9moulage imm\u00e9diat b\u00e9ton gris ou blanc avec possibilit\u00e9 d\u2019insertion de plots holophane sur demande<\/figcaption><\/figure>\n\n\n<div class=\"wp-block-image\">\n<figure class=\"aligncenter size-full is-resized\"><img loading=\"lazy\" decoding=\"async\" width=\"308\" height=\"172\" src=\"https:\/\/www.sbcprefa.fr\/wp-content\/uploads\/2025\/10\/CO2-_SBC.jpg\" alt=\"Empreinte carbone d\u00e9duite\" class=\"wp-image-2677\" style=\"width:184px;height:auto\" srcset=\"https:\/\/www.sbcprefa.fr\/wp-content\/uploads\/2025\/10\/CO2-_SBC.jpg 308w, https:\/\/www.sbcprefa.fr\/wp-content\/uploads\/2025\/10\/CO2-_SBC-300x168.jpg 300w\" sizes=\"auto, (max-width: 308px) 100vw, 308px\" \/><\/figure>\n<\/div>\n\n<div class=\"wp-block-image\">\n<figure class=\"aligncenter size-large\"><img loading=\"lazy\" decoding=\"async\" width=\"1024\" height=\"747\" src=\"https:\/\/www.sbcprefa.fr\/wp-content\/uploads\/2024\/03\/SBC-bivoies_1-1024x747.jpg\" alt=\"\" class=\"wp-image-2286\" srcset=\"https:\/\/www.sbcprefa.fr\/wp-content\/uploads\/2024\/03\/SBC-bivoies_1-1024x747.jpg 1024w, https:\/\/www.sbcprefa.fr\/wp-content\/uploads\/2024\/03\/SBC-bivoies_1-300x219.jpg 300w, https:\/\/www.sbcprefa.fr\/wp-content\/uploads\/2024\/03\/SBC-bivoies_1-768x560.jpg 768w, https:\/\/www.sbcprefa.fr\/wp-content\/uploads\/2024\/03\/SBC-bivoies_1.jpg 1200w\" sizes=\"auto, (max-width: 1024px) 100vw, 1024px\" \/><\/figure>\n<\/div>\n\n\n<div style=\"height:40px\" aria-hidden=\"true\" class=\"wp-block-spacer\"><\/div>\n\n\n\n<h2 class=\"wp-block-heading has-text-align-center\">Fiche produit(s) : Gamme SBC BIVOIES<\/h2>\n\n\n<div class=\"wp-block-image\">\n<figure class=\"aligncenter size-large is-resized\"><img loading=\"lazy\" decoding=\"async\" width=\"730\" height=\"1024\" src=\"https:\/\/www.sbcprefa.fr\/wp-content\/uploads\/2024\/05\/Fiche-produits-SBC-BIVOIES-730x1024.jpg\" alt=\"\" class=\"wp-image-2330\" style=\"aspect-ratio:0.71484375;width:346px;height:auto\" srcset=\"https:\/\/www.sbcprefa.fr\/wp-content\/uploads\/2024\/05\/Fiche-produits-SBC-BIVOIES-730x1024.jpg 730w, https:\/\/www.sbcprefa.fr\/wp-content\/uploads\/2024\/05\/Fiche-produits-SBC-BIVOIES-214x300.jpg 214w, https:\/\/www.sbcprefa.fr\/wp-content\/uploads\/2024\/05\/Fiche-produits-SBC-BIVOIES-768x1077.jpg 768w, https:\/\/www.sbcprefa.fr\/wp-content\/uploads\/2024\/05\/Fiche-produits-SBC-BIVOIES-1095x1536.jpg 1095w, https:\/\/www.sbcprefa.fr\/wp-content\/uploads\/2024\/05\/Fiche-produits-SBC-BIVOIES-1461x2048.jpg 1461w, https:\/\/www.sbcprefa.fr\/wp-content\/uploads\/2024\/05\/Fiche-produits-SBC-BIVOIES.jpg 1512w\" sizes=\"auto, (max-width: 730px) 100vw, 730px\" \/><\/figure>\n<\/div>\n\n\n<div class=\"wp-block-file aligncenter\"><a id=\"wp-block-file--media-0fe736ae-8824-4919-b3c9-91508cd7ef90\" href=\"https:\/\/www.sbcprefa.fr\/wp-content\/uploads\/2024\/05\/Fiche-SBC-Bivoies.pdf\">Fiche-SBC-Bivoies<\/a><a href=\"https:\/\/www.sbcprefa.fr\/wp-content\/uploads\/2024\/05\/Fiche-SBC-Bivoies.pdf\" class=\"wp-block-file__button wp-element-button\" download aria-describedby=\"wp-block-file--media-0fe736ae-8824-4919-b3c9-91508cd7ef90\">T\u00e9l\u00e9charger<\/a><\/div>\n","protected":false},"excerpt":{"rendered":"<p>S\u00c9PARATEURS DE CIRCULATION La gamme SBC de s\u00e9parateurs de voirie propose trois mod\u00e8les con\u00e7us pour la s\u00e9curit\u00e9 des voies de circulation en milieu urbain, ainsi que pour la d\u00e9limitation et &#8230;<\/p>\n","protected":false},"author":2,"featured_media":0,"parent":0,"menu_order":0,"comment_status":"closed","ping_status":"closed","template":"","meta":{"footnotes":""},"class_list":["post-1661","page","type-page","status-publish","hentry"],"yoast_head":"<!-- This site is optimized with the Yoast SEO plugin v25.9 - https:\/\/yoast.com\/wordpress\/plugins\/seo\/ -->\n<title>S\u00c9PARATEURS DE CIRCULATION - SBC Pr\u00e9fa<\/title>\n<meta name=\"description\" content=\"Une gamme compl\u00e8te de s\u00e9parateur en b\u00e9ton pour s\u00e9curisation de voies de circulation et de pistes cyclables\" \/>\n<meta name=\"robots\" content=\"index, follow, max-snippet:-1, max-image-preview:large, max-video-preview:-1\" \/>\n<link rel=\"canonical\" href=\"https:\/\/www.sbcprefa.fr\/index.php\/separateurs-de-circulation\/\" \/>\n<meta property=\"og:locale\" content=\"fr_FR\" \/>\n<meta property=\"og:type\" content=\"article\" \/>\n<meta property=\"og:title\" content=\"S\u00c9PARATEURS DE CIRCULATION - SBC Pr\u00e9fa\" \/>\n<meta property=\"og:description\" content=\"Une gamme compl\u00e8te de s\u00e9parateur en b\u00e9ton pour s\u00e9curisation de voies de circulation et de pistes cyclables\" \/>\n<meta property=\"og:url\" content=\"https:\/\/www.sbcprefa.fr\/index.php\/separateurs-de-circulation\/\" \/>\n<meta property=\"og:site_name\" content=\"SBC Pr\u00e9fa\" \/>\n<meta property=\"article:modified_time\" content=\"2025-10-06T13:45:21+00:00\" \/>\n<meta property=\"og:image\" content=\"https:\/\/www.sbcprefa.fr\/wp-content\/uploads\/2025\/10\/CO2-_SBC.jpg\" \/>\n\t<meta property=\"og:image:width\" content=\"308\" \/>\n\t<meta property=\"og:image:height\" content=\"172\" \/>\n\t<meta property=\"og:image:type\" content=\"image\/jpeg\" \/>\n<meta name=\"twitter:card\" content=\"summary_large_image\" \/>\n<meta name=\"twitter:label1\" content=\"Dur\u00e9e de lecture estim\u00e9e\" \/>\n\t<meta name=\"twitter:data1\" content=\"4 minutes\" \/>\n<script type=\"application\/ld+json\" class=\"yoast-schema-graph\">{\"@context\":\"https:\/\/schema.org\",\"@graph\":[{\"@type\":\"WebPage\",\"@id\":\"https:\/\/www.sbcprefa.fr\/index.php\/separateurs-de-circulation\/\",\"url\":\"https:\/\/www.sbcprefa.fr\/index.php\/separateurs-de-circulation\/\",\"name\":\"S\u00c9PARATEURS DE CIRCULATION - SBC Pr\u00e9fa\",\"isPartOf\":{\"@id\":\"https:\/\/www.sbcprefa.fr\/#website\"},\"primaryImageOfPage\":{\"@id\":\"https:\/\/www.sbcprefa.fr\/index.php\/separateurs-de-circulation\/#primaryimage\"},\"image\":{\"@id\":\"https:\/\/www.sbcprefa.fr\/index.php\/separateurs-de-circulation\/#primaryimage\"},\"thumbnailUrl\":\"https:\/\/www.sbcprefa.fr\/wp-content\/uploads\/2025\/10\/CO2-_SBC.jpg\",\"datePublished\":\"2023-09-06T13:50:25+00:00\",\"dateModified\":\"2025-10-06T13:45:21+00:00\",\"description\":\"Une gamme compl\u00e8te de s\u00e9parateur en b\u00e9ton pour s\u00e9curisation de voies de circulation et de pistes cyclables\",\"breadcrumb\":{\"@id\":\"https:\/\/www.sbcprefa.fr\/index.php\/separateurs-de-circulation\/#breadcrumb\"},\"inLanguage\":\"fr-FR\",\"potentialAction\":[{\"@type\":\"ReadAction\",\"target\":[\"https:\/\/www.sbcprefa.fr\/index.php\/separateurs-de-circulation\/\"]}]},{\"@type\":\"ImageObject\",\"inLanguage\":\"fr-FR\",\"@id\":\"https:\/\/www.sbcprefa.fr\/index.php\/separateurs-de-circulation\/#primaryimage\",\"url\":\"https:\/\/www.sbcprefa.fr\/wp-content\/uploads\/2025\/10\/CO2-_SBC.jpg\",\"contentUrl\":\"https:\/\/www.sbcprefa.fr\/wp-content\/uploads\/2025\/10\/CO2-_SBC.jpg\",\"width\":308,\"height\":172,\"caption\":\"Empreinte carbone r\u00e9duite\"},{\"@type\":\"BreadcrumbList\",\"@id\":\"https:\/\/www.sbcprefa.fr\/index.php\/separateurs-de-circulation\/#breadcrumb\",\"itemListElement\":[{\"@type\":\"ListItem\",\"position\":1,\"name\":\"Accueil\",\"item\":\"https:\/\/www.sbcprefa.fr\/\"},{\"@type\":\"ListItem\",\"position\":2,\"name\":\"S\u00c9PARATEURS DE CIRCULATION\"}]},{\"@type\":\"WebSite\",\"@id\":\"https:\/\/www.sbcprefa.fr\/#website\",\"url\":\"https:\/\/www.sbcprefa.fr\/\",\"name\":\"SBC Pr\u00e9fa\",\"description\":\"Solutions pr\u00e9fabriqu\u00e9es en b\u00e9ton en Auvergne, Rh\u00f4ne-Alpes\",\"publisher\":{\"@id\":\"https:\/\/www.sbcprefa.fr\/#organization\"},\"potentialAction\":[{\"@type\":\"SearchAction\",\"target\":{\"@type\":\"EntryPoint\",\"urlTemplate\":\"https:\/\/www.sbcprefa.fr\/?s={search_term_string}\"},\"query-input\":{\"@type\":\"PropertyValueSpecification\",\"valueRequired\":true,\"valueName\":\"search_term_string\"}}],\"inLanguage\":\"fr-FR\"},{\"@type\":\"Organization\",\"@id\":\"https:\/\/www.sbcprefa.fr\/#organization\",\"name\":\"SBC Pr\u00e9fa\",\"url\":\"https:\/\/www.sbcprefa.fr\/\",\"logo\":{\"@type\":\"ImageObject\",\"inLanguage\":\"fr-FR\",\"@id\":\"https:\/\/www.sbcprefa.fr\/#\/schema\/logo\/image\/\",\"url\":\"https:\/\/www.sbcprefa.fr\/wp-content\/uploads\/2023\/08\/cropped-Logo-SBC-Prefa_Header2-1.png\",\"contentUrl\":\"https:\/\/www.sbcprefa.fr\/wp-content\/uploads\/2023\/08\/cropped-Logo-SBC-Prefa_Header2-1.png\",\"width\":132,\"height\":50,\"caption\":\"SBC Pr\u00e9fa\"},\"image\":{\"@id\":\"https:\/\/www.sbcprefa.fr\/#\/schema\/logo\/image\/\"}}]}<\/script>\n<!-- \/ Yoast SEO plugin. -->","yoast_head_json":{"title":"S\u00c9PARATEURS DE CIRCULATION - SBC Pr\u00e9fa","description":"Une gamme compl\u00e8te de s\u00e9parateur en b\u00e9ton pour s\u00e9curisation de voies de circulation et de pistes cyclables","robots":{"index":"index","follow":"follow","max-snippet":"max-snippet:-1","max-image-preview":"max-image-preview:large","max-video-preview":"max-video-preview:-1"},"canonical":"https:\/\/www.sbcprefa.fr\/index.php\/separateurs-de-circulation\/","og_locale":"fr_FR","og_type":"article","og_title":"S\u00c9PARATEURS DE CIRCULATION - SBC Pr\u00e9fa","og_description":"Une gamme compl\u00e8te de s\u00e9parateur en b\u00e9ton pour s\u00e9curisation de voies de circulation et de pistes cyclables","og_url":"https:\/\/www.sbcprefa.fr\/index.php\/separateurs-de-circulation\/","og_site_name":"SBC Pr\u00e9fa","article_modified_time":"2025-10-06T13:45:21+00:00","og_image":[{"width":308,"height":172,"url":"https:\/\/www.sbcprefa.fr\/wp-content\/uploads\/2025\/10\/CO2-_SBC.jpg","type":"image\/jpeg"}],"twitter_card":"summary_large_image","twitter_misc":{"Dur\u00e9e de lecture estim\u00e9e":"4 minutes"},"schema":{"@context":"https:\/\/schema.org","@graph":[{"@type":"WebPage","@id":"https:\/\/www.sbcprefa.fr\/index.php\/separateurs-de-circulation\/","url":"https:\/\/www.sbcprefa.fr\/index.php\/separateurs-de-circulation\/","name":"S\u00c9PARATEURS DE CIRCULATION - SBC Pr\u00e9fa","isPartOf":{"@id":"https:\/\/www.sbcprefa.fr\/#website"},"primaryImageOfPage":{"@id":"https:\/\/www.sbcprefa.fr\/index.php\/separateurs-de-circulation\/#primaryimage"},"image":{"@id":"https:\/\/www.sbcprefa.fr\/index.php\/separateurs-de-circulation\/#primaryimage"},"thumbnailUrl":"https:\/\/www.sbcprefa.fr\/wp-content\/uploads\/2025\/10\/CO2-_SBC.jpg","datePublished":"2023-09-06T13:50:25+00:00","dateModified":"2025-10-06T13:45:21+00:00","description":"Une gamme compl\u00e8te de s\u00e9parateur en b\u00e9ton pour s\u00e9curisation de voies de circulation et de pistes cyclables","breadcrumb":{"@id":"https:\/\/www.sbcprefa.fr\/index.php\/separateurs-de-circulation\/#breadcrumb"},"inLanguage":"fr-FR","potentialAction":[{"@type":"ReadAction","target":["https:\/\/www.sbcprefa.fr\/index.php\/separateurs-de-circulation\/"]}]},{"@type":"ImageObject","inLanguage":"fr-FR","@id":"https:\/\/www.sbcprefa.fr\/index.php\/separateurs-de-circulation\/#primaryimage","url":"https:\/\/www.sbcprefa.fr\/wp-content\/uploads\/2025\/10\/CO2-_SBC.jpg","contentUrl":"https:\/\/www.sbcprefa.fr\/wp-content\/uploads\/2025\/10\/CO2-_SBC.jpg","width":308,"height":172,"caption":"Empreinte carbone r\u00e9duite"},{"@type":"BreadcrumbList","@id":"https:\/\/www.sbcprefa.fr\/index.php\/separateurs-de-circulation\/#breadcrumb","itemListElement":[{"@type":"ListItem","position":1,"name":"Accueil","item":"https:\/\/www.sbcprefa.fr\/"},{"@type":"ListItem","position":2,"name":"S\u00c9PARATEURS DE CIRCULATION"}]},{"@type":"WebSite","@id":"https:\/\/www.sbcprefa.fr\/#website","url":"https:\/\/www.sbcprefa.fr\/","name":"SBC Pr\u00e9fa","description":"Solutions pr\u00e9fabriqu\u00e9es en b\u00e9ton en Auvergne, Rh\u00f4ne-Alpes","publisher":{"@id":"https:\/\/www.sbcprefa.fr\/#organization"},"potentialAction":[{"@type":"SearchAction","target":{"@type":"EntryPoint","urlTemplate":"https:\/\/www.sbcprefa.fr\/?s={search_term_string}"},"query-input":{"@type":"PropertyValueSpecification","valueRequired":true,"valueName":"search_term_string"}}],"inLanguage":"fr-FR"},{"@type":"Organization","@id":"https:\/\/www.sbcprefa.fr\/#organization","name":"SBC Pr\u00e9fa","url":"https:\/\/www.sbcprefa.fr\/","logo":{"@type":"ImageObject","inLanguage":"fr-FR","@id":"https:\/\/www.sbcprefa.fr\/#\/schema\/logo\/image\/","url":"https:\/\/www.sbcprefa.fr\/wp-content\/uploads\/2023\/08\/cropped-Logo-SBC-Prefa_Header2-1.png","contentUrl":"https:\/\/www.sbcprefa.fr\/wp-content\/uploads\/2023\/08\/cropped-Logo-SBC-Prefa_Header2-1.png","width":132,"height":50,"caption":"SBC Pr\u00e9fa"},"image":{"@id":"https:\/\/www.sbcprefa.fr\/#\/schema\/logo\/image\/"}}]}},"_links":{"self":[{"href":"https:\/\/www.sbcprefa.fr\/index.php\/wp-json\/wp\/v2\/pages\/1661","targetHints":{"allow":["GET"]}}],"collection":[{"href":"https:\/\/www.sbcprefa.fr\/index.php\/wp-json\/wp\/v2\/pages"}],"about":[{"href":"https:\/\/www.sbcprefa.fr\/index.php\/wp-json\/wp\/v2\/types\/page"}],"author":[{"embeddable":true,"href":"https:\/\/www.sbcprefa.fr\/index.php\/wp-json\/wp\/v2\/users\/2"}],"replies":[{"embeddable":true,"href":"https:\/\/www.sbcprefa.fr\/index.php\/wp-json\/wp\/v2\/comments?post=1661"}],"version-history":[{"count":55,"href":"https:\/\/www.sbcprefa.fr\/index.php\/wp-json\/wp\/v2\/pages\/1661\/revisions"}],"predecessor-version":[{"id":2685,"href":"https:\/\/www.sbcprefa.fr\/index.php\/wp-json\/wp\/v2\/pages\/1661\/revisions\/2685"}],"wp:attachment":[{"href":"https:\/\/www.sbcprefa.fr\/index.php\/wp-json\/wp\/v2\/media?parent=1661"}],"curies":[{"name":"wp","href":"https:\/\/api.w.org\/{rel}","templated":true}]}}