{"id":1568,"date":"2023-08-30T15:14:21","date_gmt":"2023-08-30T13:14:21","guid":{"rendered":"https:\/\/www.sbcprefa.fr\/?page_id=1568"},"modified":"2025-02-24T16:35:38","modified_gmt":"2025-02-24T15:35:38","slug":"dpsu","status":"publish","type":"page","link":"https:\/\/www.sbcprefa.fr\/index.php\/dpsu\/","title":{"rendered":"Voirie et s\u00e9curit\u00e9 urbaine"},"content":{"rendered":"\n<h2 class=\"wp-block-heading has-text-color has-link-color wp-elements-370b026fad06385c4659c8b5782750c0\" style=\"color:#009ee2\">El\u00e9ments de protection et s\u00e9curit\u00e9 urbaine &#8211; S\u00e9parateurs de circulation &#8211; Bordures guides<\/h2>\n\n\n\n<div class=\"wp-block-media-text is-stacked-on-mobile\"><figure class=\"wp-block-media-text__media\"><img loading=\"lazy\" decoding=\"async\" width=\"1024\" height=\"396\" src=\"https:\/\/www.sbcprefa.fr\/wp-content\/uploads\/2023\/09\/SBC-34-1024x396.jpg\" alt=\"\" class=\"wp-image-1716 size-full\" srcset=\"https:\/\/www.sbcprefa.fr\/wp-content\/uploads\/2023\/09\/SBC-34-1024x396.jpg 1024w, https:\/\/www.sbcprefa.fr\/wp-content\/uploads\/2023\/09\/SBC-34-300x116.jpg 300w, https:\/\/www.sbcprefa.fr\/wp-content\/uploads\/2023\/09\/SBC-34-768x297.jpg 768w, https:\/\/www.sbcprefa.fr\/wp-content\/uploads\/2023\/09\/SBC-34-1536x593.jpg 1536w, https:\/\/www.sbcprefa.fr\/wp-content\/uploads\/2023\/09\/SBC-34.jpg 2040w\" sizes=\"auto, (max-width: 1024px) 100vw, 1024px\" \/><\/figure><div class=\"wp-block-media-text__content\">\n<p><strong>\u00c9L\u00c9MENTS DE PROTECTION ET S\u00c9CURIT\u00c9 URBAINE<\/strong><br><strong>Gamme SBC 34<\/strong><br>El\u00e9ments de protection chasse-roues pour voies urbaines.<br><\/p>\n\n\n\n<figure class=\"wp-block-image size-full is-resized\"><a href=\"https:\/\/www.sbcprefa.fr\/index.php\/securite-routiere\/\"><img loading=\"lazy\" decoding=\"async\" width=\"800\" height=\"250\" src=\"https:\/\/www.sbcprefa.fr\/wp-content\/uploads\/2023\/09\/bouton-gris-blanc.png\" alt=\"\" class=\"wp-image-1976\" style=\"width:112px;height:35px\" srcset=\"https:\/\/www.sbcprefa.fr\/wp-content\/uploads\/2023\/09\/bouton-gris-blanc.png 800w, https:\/\/www.sbcprefa.fr\/wp-content\/uploads\/2023\/09\/bouton-gris-blanc-300x94.png 300w, https:\/\/www.sbcprefa.fr\/wp-content\/uploads\/2023\/09\/bouton-gris-blanc-768x240.png 768w\" sizes=\"auto, (max-width: 800px) 100vw, 800px\" \/><\/a><\/figure>\n<\/div><\/div>\n\n\n\n<div style=\"height:30px\" aria-hidden=\"true\" class=\"wp-block-spacer\"><\/div>\n\n\n\n<div class=\"wp-block-media-text is-stacked-on-mobile\"><figure class=\"wp-block-media-text__media\"><img loading=\"lazy\" decoding=\"async\" width=\"1024\" height=\"362\" src=\"https:\/\/www.sbcprefa.fr\/wp-content\/uploads\/2023\/09\/SBC-50-1024x362.jpg\" alt=\"\" class=\"wp-image-1730 size-full\" srcset=\"https:\/\/www.sbcprefa.fr\/wp-content\/uploads\/2023\/09\/SBC-50-1024x362.jpg 1024w, https:\/\/www.sbcprefa.fr\/wp-content\/uploads\/2023\/09\/SBC-50-300x106.jpg 300w, https:\/\/www.sbcprefa.fr\/wp-content\/uploads\/2023\/09\/SBC-50-768x272.jpg 768w, https:\/\/www.sbcprefa.fr\/wp-content\/uploads\/2023\/09\/SBC-50-1536x543.jpg 1536w, https:\/\/www.sbcprefa.fr\/wp-content\/uploads\/2023\/09\/SBC-50-2048x725.jpg 2048w\" sizes=\"auto, (max-width: 1024px) 100vw, 1024px\" \/><\/figure><div class=\"wp-block-media-text__content\">\n<p><strong>\u00c9L\u00c9MENTS DE PROTECTION ET S\u00c9CURIT\u00c9 URBAINE<\/strong><br><strong>Gamme SBC 50<br><\/strong>El\u00e9ments de protection chasse-roues pour voies urbaines.<br><\/p>\n\n\n\n<figure class=\"wp-block-image size-full is-resized\"><a href=\"https:\/\/www.sbcprefa.fr\/index.php\/securite-routiere\/\"><img loading=\"lazy\" decoding=\"async\" width=\"800\" height=\"250\" src=\"https:\/\/www.sbcprefa.fr\/wp-content\/uploads\/2023\/09\/bouton-gris-blanc.png\" alt=\"\" class=\"wp-image-1976\" style=\"width:112px;height:35px\" srcset=\"https:\/\/www.sbcprefa.fr\/wp-content\/uploads\/2023\/09\/bouton-gris-blanc.png 800w, https:\/\/www.sbcprefa.fr\/wp-content\/uploads\/2023\/09\/bouton-gris-blanc-300x94.png 300w, https:\/\/www.sbcprefa.fr\/wp-content\/uploads\/2023\/09\/bouton-gris-blanc-768x240.png 768w\" sizes=\"auto, (max-width: 800px) 100vw, 800px\" \/><\/a><\/figure>\n<\/div><\/div>\n\n\n\n<div style=\"height:30px\" aria-hidden=\"true\" class=\"wp-block-spacer\"><\/div>\n\n\n\n<div class=\"wp-block-media-text is-stacked-on-mobile\"><figure class=\"wp-block-media-text__media\"><img loading=\"lazy\" decoding=\"async\" width=\"1024\" height=\"758\" src=\"https:\/\/www.sbcprefa.fr\/wp-content\/uploads\/2023\/09\/Gamme-SBC-37_SBC-Prefa-1024x758.jpg\" alt=\"\" class=\"wp-image-1937 size-full\" srcset=\"https:\/\/www.sbcprefa.fr\/wp-content\/uploads\/2023\/09\/Gamme-SBC-37_SBC-Prefa-1024x758.jpg 1024w, https:\/\/www.sbcprefa.fr\/wp-content\/uploads\/2023\/09\/Gamme-SBC-37_SBC-Prefa-300x222.jpg 300w, https:\/\/www.sbcprefa.fr\/wp-content\/uploads\/2023\/09\/Gamme-SBC-37_SBC-Prefa-768x568.jpg 768w, https:\/\/www.sbcprefa.fr\/wp-content\/uploads\/2023\/09\/Gamme-SBC-37_SBC-Prefa-1536x1137.jpg 1536w, https:\/\/www.sbcprefa.fr\/wp-content\/uploads\/2023\/09\/Gamme-SBC-37_SBC-Prefa.jpg 2016w\" sizes=\"auto, (max-width: 1024px) 100vw, 1024px\" \/><\/figure><div class=\"wp-block-media-text__content\">\n<p><strong>\u00c9L\u00c9MENTS DE PROTECTION ET S\u00c9CURIT\u00c9 URBAINE<\/strong><br><strong>Gamme SBC 37<\/strong><br>El\u00e9ments de protection chasse-roues pour voies urbaines.<br><\/p>\n\n\n\n<figure class=\"wp-block-image size-full is-resized\"><a href=\"https:\/\/www.sbcprefa.fr\/index.php\/securite-routiere\/\"><img loading=\"lazy\" decoding=\"async\" width=\"800\" height=\"250\" src=\"https:\/\/www.sbcprefa.fr\/wp-content\/uploads\/2023\/09\/bouton-gris-blanc.png\" alt=\"\" class=\"wp-image-1976\" style=\"width:112px;height:35px\" srcset=\"https:\/\/www.sbcprefa.fr\/wp-content\/uploads\/2023\/09\/bouton-gris-blanc.png 800w, https:\/\/www.sbcprefa.fr\/wp-content\/uploads\/2023\/09\/bouton-gris-blanc-300x94.png 300w, https:\/\/www.sbcprefa.fr\/wp-content\/uploads\/2023\/09\/bouton-gris-blanc-768x240.png 768w\" sizes=\"auto, (max-width: 800px) 100vw, 800px\" \/><\/a><\/figure>\n<\/div><\/div>\n\n\n\n<div style=\"height:30px\" aria-hidden=\"true\" class=\"wp-block-spacer\"><\/div>\n\n\n\n<div class=\"wp-block-media-text is-stacked-on-mobile\"><figure class=\"wp-block-media-text__media\"><img loading=\"lazy\" decoding=\"async\" width=\"1024\" height=\"335\" src=\"https:\/\/www.sbcprefa.fr\/wp-content\/uploads\/2025\/02\/Separateur-de-circulation-beton_SBC-GU70-copie-1024x335.jpg\" alt=\"\" class=\"wp-image-2618 size-full\" srcset=\"https:\/\/www.sbcprefa.fr\/wp-content\/uploads\/2025\/02\/Separateur-de-circulation-beton_SBC-GU70-copie-1024x335.jpg 1024w, https:\/\/www.sbcprefa.fr\/wp-content\/uploads\/2025\/02\/Separateur-de-circulation-beton_SBC-GU70-copie-300x98.jpg 300w, https:\/\/www.sbcprefa.fr\/wp-content\/uploads\/2025\/02\/Separateur-de-circulation-beton_SBC-GU70-copie-768x251.jpg 768w, https:\/\/www.sbcprefa.fr\/wp-content\/uploads\/2025\/02\/Separateur-de-circulation-beton_SBC-GU70-copie-1536x502.jpg 1536w, https:\/\/www.sbcprefa.fr\/wp-content\/uploads\/2025\/02\/Separateur-de-circulation-beton_SBC-GU70-copie-2048x670.jpg 2048w\" sizes=\"auto, (max-width: 1024px) 100vw, 1024px\" \/><\/figure><div class=\"wp-block-media-text__content\">\n<p><strong>S\u00c9PARATEURS DE CIRCULATION<\/strong><br><strong>Gammes SBC GU50, SBC GU70 et SBC GU80<br><\/strong>S\u00e9parateurs pour s\u00e9curisation de voies de circulation.<\/p>\n\n\n\n<figure class=\"wp-block-image size-full is-resized\"><a href=\"https:\/\/www.sbcprefa.fr\/index.php\/separateurs-de-circulation\/\"><img loading=\"lazy\" decoding=\"async\" width=\"800\" height=\"250\" src=\"https:\/\/www.sbcprefa.fr\/wp-content\/uploads\/2023\/09\/bouton-gris-blanc.png\" alt=\"\" class=\"wp-image-1976\" style=\"object-fit:cover;width:112px;height:36px\" srcset=\"https:\/\/www.sbcprefa.fr\/wp-content\/uploads\/2023\/09\/bouton-gris-blanc.png 800w, https:\/\/www.sbcprefa.fr\/wp-content\/uploads\/2023\/09\/bouton-gris-blanc-300x94.png 300w, https:\/\/www.sbcprefa.fr\/wp-content\/uploads\/2023\/09\/bouton-gris-blanc-768x240.png 768w\" sizes=\"auto, (max-width: 800px) 100vw, 800px\" \/><\/a><\/figure>\n<\/div><\/div>\n\n\n\n<div style=\"height:30px\" aria-hidden=\"true\" class=\"wp-block-spacer\"><\/div>\n\n\n\n<div class=\"wp-block-media-text is-stacked-on-mobile\" style=\"grid-template-columns:49% auto\"><figure class=\"wp-block-media-text__media\"><img loading=\"lazy\" decoding=\"async\" width=\"1024\" height=\"701\" src=\"https:\/\/www.sbcprefa.fr\/wp-content\/uploads\/2024\/05\/Visuel-Gamme-bordure-SBC-Bivoies-1024x701.png\" alt=\"\" class=\"wp-image-2340 size-full\" srcset=\"https:\/\/www.sbcprefa.fr\/wp-content\/uploads\/2024\/05\/Visuel-Gamme-bordure-SBC-Bivoies-1024x701.png 1024w, https:\/\/www.sbcprefa.fr\/wp-content\/uploads\/2024\/05\/Visuel-Gamme-bordure-SBC-Bivoies-300x205.png 300w, https:\/\/www.sbcprefa.fr\/wp-content\/uploads\/2024\/05\/Visuel-Gamme-bordure-SBC-Bivoies-768x526.png 768w, https:\/\/www.sbcprefa.fr\/wp-content\/uploads\/2024\/05\/Visuel-Gamme-bordure-SBC-Bivoies.png 1150w\" sizes=\"auto, (max-width: 1024px) 100vw, 1024px\" \/><\/figure><div class=\"wp-block-media-text__content\">\n<p><strong>S\u00c9PARATEURS DE CIRCULATION POUR PISTES CYCLABLES<\/strong><br><strong>Gamme SBC BIVOIES<br><\/strong>S\u00e9parateur pour s\u00e9curisation de voies de voies cyclables.<\/p>\n\n\n\n<figure class=\"wp-block-image size-full is-resized\"><a href=\"https:\/\/www.sbcprefa.fr\/index.php\/separateurs-de-circulation\/\"><img loading=\"lazy\" decoding=\"async\" width=\"800\" height=\"250\" src=\"https:\/\/www.sbcprefa.fr\/wp-content\/uploads\/2023\/09\/bouton-gris-blanc.png\" alt=\"\" class=\"wp-image-1976\" style=\"object-fit:cover;width:112px;height:36px\" srcset=\"https:\/\/www.sbcprefa.fr\/wp-content\/uploads\/2023\/09\/bouton-gris-blanc.png 800w, https:\/\/www.sbcprefa.fr\/wp-content\/uploads\/2023\/09\/bouton-gris-blanc-300x94.png 300w, https:\/\/www.sbcprefa.fr\/wp-content\/uploads\/2023\/09\/bouton-gris-blanc-768x240.png 768w\" sizes=\"auto, (max-width: 800px) 100vw, 800px\" \/><\/a><\/figure>\n<\/div><\/div>\n\n\n\n<div style=\"height:30px\" aria-hidden=\"true\" class=\"wp-block-spacer\"><\/div>\n\n\n\n<div class=\"wp-block-media-text is-stacked-on-mobile\"><figure class=\"wp-block-media-text__media\"><img loading=\"lazy\" decoding=\"async\" width=\"1024\" height=\"653\" src=\"https:\/\/www.sbcprefa.fr\/wp-content\/uploads\/2024\/06\/3D_SBC-CAM-1024x653.png\" alt=\"Bordure Guide-roues en b\u00e9ton pr\u00e9fabriqu\u00e9 - SBC PREFA\" class=\"wp-image-2374 size-full\" srcset=\"https:\/\/www.sbcprefa.fr\/wp-content\/uploads\/2024\/06\/3D_SBC-CAM-1024x653.png 1024w, https:\/\/www.sbcprefa.fr\/wp-content\/uploads\/2024\/06\/3D_SBC-CAM-300x191.png 300w, https:\/\/www.sbcprefa.fr\/wp-content\/uploads\/2024\/06\/3D_SBC-CAM-768x490.png 768w, https:\/\/www.sbcprefa.fr\/wp-content\/uploads\/2024\/06\/3D_SBC-CAM.png 1258w\" sizes=\"auto, (max-width: 1024px) 100vw, 1024px\" \/><\/figure><div class=\"wp-block-media-text__content\">\n<p><strong>BORDURES GUIDES<\/strong><br><strong>Gamme SBC CAM<\/strong><br>Bordures guides pour approche de quais de chargement.<\/p>\n\n\n\n<figure class=\"wp-block-image size-full is-resized\"><a href=\"https:\/\/www.sbcprefa.fr\/index.php\/bordures-guides\/\"><img loading=\"lazy\" decoding=\"async\" width=\"800\" height=\"250\" src=\"https:\/\/www.sbcprefa.fr\/wp-content\/uploads\/2023\/09\/bouton-gris-blanc.png\" alt=\"\" class=\"wp-image-1976\" style=\"object-fit:cover;width:112px;height:34px\" srcset=\"https:\/\/www.sbcprefa.fr\/wp-content\/uploads\/2023\/09\/bouton-gris-blanc.png 800w, https:\/\/www.sbcprefa.fr\/wp-content\/uploads\/2023\/09\/bouton-gris-blanc-300x94.png 300w, https:\/\/www.sbcprefa.fr\/wp-content\/uploads\/2023\/09\/bouton-gris-blanc-768x240.png 768w\" sizes=\"auto, (max-width: 800px) 100vw, 800px\" \/><\/a><\/figure>\n<\/div><\/div>\n\n\n\n<div class=\"wp-block-media-text is-stacked-on-mobile\"><figure class=\"wp-block-media-text__media\"><img loading=\"lazy\" decoding=\"async\" width=\"1024\" height=\"845\" src=\"https:\/\/www.sbcprefa.fr\/wp-content\/uploads\/2025\/02\/SBC-DEF-1024x845.jpg\" alt=\"\" class=\"wp-image-2603 size-full\" srcset=\"https:\/\/www.sbcprefa.fr\/wp-content\/uploads\/2025\/02\/SBC-DEF-1024x845.jpg 1024w, https:\/\/www.sbcprefa.fr\/wp-content\/uploads\/2025\/02\/SBC-DEF-300x248.jpg 300w, https:\/\/www.sbcprefa.fr\/wp-content\/uploads\/2025\/02\/SBC-DEF-768x634.jpg 768w, https:\/\/www.sbcprefa.fr\/wp-content\/uploads\/2025\/02\/SBC-DEF.jpg 1078w\" sizes=\"auto, (max-width: 1024px) 100vw, 1024px\" \/><\/figure><div class=\"wp-block-media-text__content\">\n<p><strong>BORDURE DE D<strong>\u00c9<\/strong>FENSE<\/strong><br><strong>Gamme SBC DEF<\/strong><br>Bordures de protection et s\u00e9curisation des espaces publics.<\/p>\n\n\n\n<figure class=\"wp-block-image size-full is-resized\"><a href=\"https:\/\/www.sbcprefa.fr\/index.php\/bordures-guides\/\"><img loading=\"lazy\" decoding=\"async\" width=\"800\" height=\"250\" src=\"https:\/\/www.sbcprefa.fr\/wp-content\/uploads\/2023\/09\/bouton-gris-blanc.png\" alt=\"\" class=\"wp-image-1976\" style=\"object-fit:cover;width:112px;height:34px\" srcset=\"https:\/\/www.sbcprefa.fr\/wp-content\/uploads\/2023\/09\/bouton-gris-blanc.png 800w, https:\/\/www.sbcprefa.fr\/wp-content\/uploads\/2023\/09\/bouton-gris-blanc-300x94.png 300w, https:\/\/www.sbcprefa.fr\/wp-content\/uploads\/2023\/09\/bouton-gris-blanc-768x240.png 768w\" sizes=\"auto, (max-width: 800px) 100vw, 800px\" \/><\/a><\/figure>\n<\/div><\/div>\n\n\n\n<div class=\"wp-block-media-text is-stacked-on-mobile\"><figure class=\"wp-block-media-text__media\"><img loading=\"lazy\" decoding=\"async\" width=\"1024\" height=\"773\" src=\"https:\/\/www.sbcprefa.fr\/wp-content\/uploads\/2025\/02\/Bordures-SBC-BUS-1024x773.jpg\" alt=\"\" class=\"wp-image-2584 size-full\" srcset=\"https:\/\/www.sbcprefa.fr\/wp-content\/uploads\/2025\/02\/Bordures-SBC-BUS-1024x773.jpg 1024w, https:\/\/www.sbcprefa.fr\/wp-content\/uploads\/2025\/02\/Bordures-SBC-BUS-300x226.jpg 300w, https:\/\/www.sbcprefa.fr\/wp-content\/uploads\/2025\/02\/Bordures-SBC-BUS-768x580.jpg 768w, https:\/\/www.sbcprefa.fr\/wp-content\/uploads\/2025\/02\/Bordures-SBC-BUS.jpg 1240w\" sizes=\"auto, (max-width: 1024px) 100vw, 1024px\" \/><\/figure><div class=\"wp-block-media-text__content\">\n<p><strong>BORDURES GUIDES POUR ARRET D&rsquo;AUTOBUS<br>Gamme SBC BUS<br><\/strong>Bordures guides, esth\u00e9tiques et antid\u00e9rapantes pour arr\u00eat de stations d\u2019autobus.<\/p>\n\n\n\n<figure class=\"wp-block-image size-full is-resized\"><a href=\"https:\/\/www.sbcprefa.fr\/index.php\/bordures-guides\/\"><img loading=\"lazy\" decoding=\"async\" width=\"800\" height=\"250\" src=\"https:\/\/www.sbcprefa.fr\/wp-content\/uploads\/2023\/09\/bouton-gris-blanc.png\" alt=\"\" class=\"wp-image-1976\" style=\"object-fit:cover;width:112px;height:34px\" srcset=\"https:\/\/www.sbcprefa.fr\/wp-content\/uploads\/2023\/09\/bouton-gris-blanc.png 800w, https:\/\/www.sbcprefa.fr\/wp-content\/uploads\/2023\/09\/bouton-gris-blanc-300x94.png 300w, https:\/\/www.sbcprefa.fr\/wp-content\/uploads\/2023\/09\/bouton-gris-blanc-768x240.png 768w\" sizes=\"auto, (max-width: 800px) 100vw, 800px\" \/><\/a><\/figure>\n<\/div><\/div>\n\n\n\n<p><\/p>\n","protected":false},"excerpt":{"rendered":"<p>El\u00e9ments de protection et s\u00e9curit\u00e9 urbaine &#8211; S\u00e9parateurs de circulation &#8211; Bordures guides<\/p>\n","protected":false},"author":2,"featured_media":0,"parent":0,"menu_order":0,"comment_status":"closed","ping_status":"closed","template":"","meta":{"footnotes":""},"class_list":["post-1568","page","type-page","status-publish","hentry"],"yoast_head":"<!-- This site is optimized with the Yoast SEO plugin v25.9 - https:\/\/yoast.com\/wordpress\/plugins\/seo\/ -->\n<title>Voirie et s\u00e9curit\u00e9 urbaine - SBC Pr\u00e9fa<\/title>\n<meta name=\"description\" content=\"Gammes de bordures, chasse-roues et s\u00e9parateurs de circulation en b\u00e9ton pour voirie et s\u00e9curit\u00e9 urbaine\" \/>\n<meta name=\"robots\" content=\"index, follow, max-snippet:-1, max-image-preview:large, max-video-preview:-1\" \/>\n<link rel=\"canonical\" href=\"https:\/\/www.sbcprefa.fr\/index.php\/dpsu\/\" \/>\n<meta property=\"og:locale\" content=\"fr_FR\" \/>\n<meta property=\"og:type\" content=\"article\" \/>\n<meta property=\"og:title\" content=\"Voirie et s\u00e9curit\u00e9 urbaine - SBC Pr\u00e9fa\" \/>\n<meta property=\"og:description\" content=\"Gammes de bordures, chasse-roues et s\u00e9parateurs de circulation en b\u00e9ton pour voirie et s\u00e9curit\u00e9 urbaine\" \/>\n<meta property=\"og:url\" content=\"https:\/\/www.sbcprefa.fr\/index.php\/dpsu\/\" \/>\n<meta property=\"og:site_name\" content=\"SBC Pr\u00e9fa\" \/>\n<meta property=\"article:modified_time\" content=\"2025-02-24T15:35:38+00:00\" \/>\n<meta property=\"og:image\" content=\"https:\/\/www.sbcprefa.fr\/wp-content\/uploads\/2023\/09\/SBC-34.jpg\" \/>\n\t<meta property=\"og:image:width\" content=\"2040\" \/>\n\t<meta property=\"og:image:height\" content=\"788\" \/>\n\t<meta property=\"og:image:type\" content=\"image\/jpeg\" \/>\n<meta name=\"twitter:card\" content=\"summary_large_image\" \/>\n<meta name=\"twitter:label1\" content=\"Dur\u00e9e de lecture estim\u00e9e\" \/>\n\t<meta name=\"twitter:data1\" content=\"4 minutes\" \/>\n<script type=\"application\/ld+json\" class=\"yoast-schema-graph\">{\"@context\":\"https:\/\/schema.org\",\"@graph\":[{\"@type\":\"WebPage\",\"@id\":\"https:\/\/www.sbcprefa.fr\/index.php\/dpsu\/\",\"url\":\"https:\/\/www.sbcprefa.fr\/index.php\/dpsu\/\",\"name\":\"Voirie et s\u00e9curit\u00e9 urbaine - SBC Pr\u00e9fa\",\"isPartOf\":{\"@id\":\"https:\/\/www.sbcprefa.fr\/#website\"},\"primaryImageOfPage\":{\"@id\":\"https:\/\/www.sbcprefa.fr\/index.php\/dpsu\/#primaryimage\"},\"image\":{\"@id\":\"https:\/\/www.sbcprefa.fr\/index.php\/dpsu\/#primaryimage\"},\"thumbnailUrl\":\"https:\/\/www.sbcprefa.fr\/wp-content\/uploads\/2023\/09\/SBC-34-1024x396.jpg\",\"datePublished\":\"2023-08-30T13:14:21+00:00\",\"dateModified\":\"2025-02-24T15:35:38+00:00\",\"description\":\"Gammes de bordures, chasse-roues et s\u00e9parateurs de circulation en b\u00e9ton pour voirie et s\u00e9curit\u00e9 urbaine\",\"breadcrumb\":{\"@id\":\"https:\/\/www.sbcprefa.fr\/index.php\/dpsu\/#breadcrumb\"},\"inLanguage\":\"fr-FR\",\"potentialAction\":[{\"@type\":\"ReadAction\",\"target\":[\"https:\/\/www.sbcprefa.fr\/index.php\/dpsu\/\"]}]},{\"@type\":\"ImageObject\",\"inLanguage\":\"fr-FR\",\"@id\":\"https:\/\/www.sbcprefa.fr\/index.php\/dpsu\/#primaryimage\",\"url\":\"https:\/\/www.sbcprefa.fr\/wp-content\/uploads\/2023\/09\/SBC-34.jpg\",\"contentUrl\":\"https:\/\/www.sbcprefa.fr\/wp-content\/uploads\/2023\/09\/SBC-34.jpg\",\"width\":2040,\"height\":788},{\"@type\":\"BreadcrumbList\",\"@id\":\"https:\/\/www.sbcprefa.fr\/index.php\/dpsu\/#breadcrumb\",\"itemListElement\":[{\"@type\":\"ListItem\",\"position\":1,\"name\":\"Accueil\",\"item\":\"https:\/\/www.sbcprefa.fr\/\"},{\"@type\":\"ListItem\",\"position\":2,\"name\":\"Voirie et s\u00e9curit\u00e9 urbaine\"}]},{\"@type\":\"WebSite\",\"@id\":\"https:\/\/www.sbcprefa.fr\/#website\",\"url\":\"https:\/\/www.sbcprefa.fr\/\",\"name\":\"SBC Pr\u00e9fa\",\"description\":\"Solutions pr\u00e9fabriqu\u00e9es en b\u00e9ton en Auvergne, Rh\u00f4ne-Alpes\",\"publisher\":{\"@id\":\"https:\/\/www.sbcprefa.fr\/#organization\"},\"potentialAction\":[{\"@type\":\"SearchAction\",\"target\":{\"@type\":\"EntryPoint\",\"urlTemplate\":\"https:\/\/www.sbcprefa.fr\/?s={search_term_string}\"},\"query-input\":{\"@type\":\"PropertyValueSpecification\",\"valueRequired\":true,\"valueName\":\"search_term_string\"}}],\"inLanguage\":\"fr-FR\"},{\"@type\":\"Organization\",\"@id\":\"https:\/\/www.sbcprefa.fr\/#organization\",\"name\":\"SBC Pr\u00e9fa\",\"url\":\"https:\/\/www.sbcprefa.fr\/\",\"logo\":{\"@type\":\"ImageObject\",\"inLanguage\":\"fr-FR\",\"@id\":\"https:\/\/www.sbcprefa.fr\/#\/schema\/logo\/image\/\",\"url\":\"https:\/\/www.sbcprefa.fr\/wp-content\/uploads\/2023\/08\/cropped-Logo-SBC-Prefa_Header2-1.png\",\"contentUrl\":\"https:\/\/www.sbcprefa.fr\/wp-content\/uploads\/2023\/08\/cropped-Logo-SBC-Prefa_Header2-1.png\",\"width\":132,\"height\":50,\"caption\":\"SBC Pr\u00e9fa\"},\"image\":{\"@id\":\"https:\/\/www.sbcprefa.fr\/#\/schema\/logo\/image\/\"}}]}<\/script>\n<!-- \/ Yoast SEO plugin. -->","yoast_head_json":{"title":"Voirie et s\u00e9curit\u00e9 urbaine - SBC Pr\u00e9fa","description":"Gammes de bordures, chasse-roues et s\u00e9parateurs de circulation en b\u00e9ton pour voirie et s\u00e9curit\u00e9 urbaine","robots":{"index":"index","follow":"follow","max-snippet":"max-snippet:-1","max-image-preview":"max-image-preview:large","max-video-preview":"max-video-preview:-1"},"canonical":"https:\/\/www.sbcprefa.fr\/index.php\/dpsu\/","og_locale":"fr_FR","og_type":"article","og_title":"Voirie et s\u00e9curit\u00e9 urbaine - SBC Pr\u00e9fa","og_description":"Gammes de bordures, chasse-roues et s\u00e9parateurs de circulation en b\u00e9ton pour voirie et s\u00e9curit\u00e9 urbaine","og_url":"https:\/\/www.sbcprefa.fr\/index.php\/dpsu\/","og_site_name":"SBC Pr\u00e9fa","article_modified_time":"2025-02-24T15:35:38+00:00","og_image":[{"width":2040,"height":788,"url":"https:\/\/www.sbcprefa.fr\/wp-content\/uploads\/2023\/09\/SBC-34.jpg","type":"image\/jpeg"}],"twitter_card":"summary_large_image","twitter_misc":{"Dur\u00e9e de lecture estim\u00e9e":"4 minutes"},"schema":{"@context":"https:\/\/schema.org","@graph":[{"@type":"WebPage","@id":"https:\/\/www.sbcprefa.fr\/index.php\/dpsu\/","url":"https:\/\/www.sbcprefa.fr\/index.php\/dpsu\/","name":"Voirie et s\u00e9curit\u00e9 urbaine - SBC Pr\u00e9fa","isPartOf":{"@id":"https:\/\/www.sbcprefa.fr\/#website"},"primaryImageOfPage":{"@id":"https:\/\/www.sbcprefa.fr\/index.php\/dpsu\/#primaryimage"},"image":{"@id":"https:\/\/www.sbcprefa.fr\/index.php\/dpsu\/#primaryimage"},"thumbnailUrl":"https:\/\/www.sbcprefa.fr\/wp-content\/uploads\/2023\/09\/SBC-34-1024x396.jpg","datePublished":"2023-08-30T13:14:21+00:00","dateModified":"2025-02-24T15:35:38+00:00","description":"Gammes de bordures, chasse-roues et s\u00e9parateurs de circulation en b\u00e9ton pour voirie et s\u00e9curit\u00e9 urbaine","breadcrumb":{"@id":"https:\/\/www.sbcprefa.fr\/index.php\/dpsu\/#breadcrumb"},"inLanguage":"fr-FR","potentialAction":[{"@type":"ReadAction","target":["https:\/\/www.sbcprefa.fr\/index.php\/dpsu\/"]}]},{"@type":"ImageObject","inLanguage":"fr-FR","@id":"https:\/\/www.sbcprefa.fr\/index.php\/dpsu\/#primaryimage","url":"https:\/\/www.sbcprefa.fr\/wp-content\/uploads\/2023\/09\/SBC-34.jpg","contentUrl":"https:\/\/www.sbcprefa.fr\/wp-content\/uploads\/2023\/09\/SBC-34.jpg","width":2040,"height":788},{"@type":"BreadcrumbList","@id":"https:\/\/www.sbcprefa.fr\/index.php\/dpsu\/#breadcrumb","itemListElement":[{"@type":"ListItem","position":1,"name":"Accueil","item":"https:\/\/www.sbcprefa.fr\/"},{"@type":"ListItem","position":2,"name":"Voirie et s\u00e9curit\u00e9 urbaine"}]},{"@type":"WebSite","@id":"https:\/\/www.sbcprefa.fr\/#website","url":"https:\/\/www.sbcprefa.fr\/","name":"SBC Pr\u00e9fa","description":"Solutions pr\u00e9fabriqu\u00e9es en b\u00e9ton en Auvergne, Rh\u00f4ne-Alpes","publisher":{"@id":"https:\/\/www.sbcprefa.fr\/#organization"},"potentialAction":[{"@type":"SearchAction","target":{"@type":"EntryPoint","urlTemplate":"https:\/\/www.sbcprefa.fr\/?s={search_term_string}"},"query-input":{"@type":"PropertyValueSpecification","valueRequired":true,"valueName":"search_term_string"}}],"inLanguage":"fr-FR"},{"@type":"Organization","@id":"https:\/\/www.sbcprefa.fr\/#organization","name":"SBC Pr\u00e9fa","url":"https:\/\/www.sbcprefa.fr\/","logo":{"@type":"ImageObject","inLanguage":"fr-FR","@id":"https:\/\/www.sbcprefa.fr\/#\/schema\/logo\/image\/","url":"https:\/\/www.sbcprefa.fr\/wp-content\/uploads\/2023\/08\/cropped-Logo-SBC-Prefa_Header2-1.png","contentUrl":"https:\/\/www.sbcprefa.fr\/wp-content\/uploads\/2023\/08\/cropped-Logo-SBC-Prefa_Header2-1.png","width":132,"height":50,"caption":"SBC Pr\u00e9fa"},"image":{"@id":"https:\/\/www.sbcprefa.fr\/#\/schema\/logo\/image\/"}}]}},"_links":{"self":[{"href":"https:\/\/www.sbcprefa.fr\/index.php\/wp-json\/wp\/v2\/pages\/1568","targetHints":{"allow":["GET"]}}],"collection":[{"href":"https:\/\/www.sbcprefa.fr\/index.php\/wp-json\/wp\/v2\/pages"}],"about":[{"href":"https:\/\/www.sbcprefa.fr\/index.php\/wp-json\/wp\/v2\/types\/page"}],"author":[{"embeddable":true,"href":"https:\/\/www.sbcprefa.fr\/index.php\/wp-json\/wp\/v2\/users\/2"}],"replies":[{"embeddable":true,"href":"https:\/\/www.sbcprefa.fr\/index.php\/wp-json\/wp\/v2\/comments?post=1568"}],"version-history":[{"count":28,"href":"https:\/\/www.sbcprefa.fr\/index.php\/wp-json\/wp\/v2\/pages\/1568\/revisions"}],"predecessor-version":[{"id":2624,"href":"https:\/\/www.sbcprefa.fr\/index.php\/wp-json\/wp\/v2\/pages\/1568\/revisions\/2624"}],"wp:attachment":[{"href":"https:\/\/www.sbcprefa.fr\/index.php\/wp-json\/wp\/v2\/media?parent=1568"}],"curies":[{"name":"wp","href":"https:\/\/api.w.org\/{rel}","templated":true}]}}